{"id":17,"date":"2018-12-11T21:48:09","date_gmt":"2018-12-11T20:48:09","guid":{"rendered":"http:\/\/zyczautyzmem.pl\/?page_id=17"},"modified":"2024-12-03T23:26:10","modified_gmt":"2024-12-03T22:26:10","slug":"home","status":"publish","type":"page","link":"https:\/\/zyczautyzmem.pl\/","title":{"rendered":"O nas"},"content":{"rendered":"<div style=\"text-align: left;\">\n<p>Fundacja &#8222;\u017by\u0107 z autyzmem&#8221;zosta\u0142a powo\u0142ana przez rodzic\u00f3w doros\u0142ych os\u00f3b z zaburzeniami ze spektrum autyzmu, zatroskanych przysz\u0142o\u015bci\u0105 swoich niesamodzielnych dzieci i \u015bwiadomych, \u017ce\u00a0 ju\u017c wkr\u00f3tce nie b\u0119d\u0105 w stanie opiekowa\u0107 si\u0119 nimi osobi\u015bcie.<\/p>\n<p>Funkcjonuj\u0105cy w naszym kraju system nie przewiduje w\u0142a\u015bciwych dla os\u00f3b z tego rodzaju zaburzeniami form opieki.<\/p>\n<p>Celem naszej Fundacji jest wybudowanie i prowadzenie o\u015brodka w postaci domu lub mieszka\u0144, daj\u0105cego ludziom z autyzmem mo\u017cliwo\u015b\u0107 sta\u0142ego zamieszkania lub czasowego pobytu, zapewniaj\u0105cego im odpowiedni\u0105 opiek\u0119, a tak\u017ce organizowanie terapii, rehabilitacji, edukacji lub pracy.<\/p>\n<p>\u00a0<\/p>\n<\/div>\n\n\n<p>Zbudujmy o\u015brodek dla doros\u0142ych os\u00f3b niepe\u0142nosprawnych ze spektrum autyzmu.<\/p>\n\n\n<div class=\"wp-block-image\">\n<figure class=\"aligncenter size-full\"><a href=\"https:\/\/www.siepomaga.pl\/osrodek-autyzm\"><img decoding=\"async\" loading=\"lazy\" width=\"547\" height=\"115\" src=\"http:\/\/zyczautyzmem.pl\/wp-content\/uploads\/2024\/12\/Siepomaga-Wesprzyj-nas.jpg\" alt=\"\" class=\"wp-image-787\" srcset=\"https:\/\/zyczautyzmem.pl\/wp-content\/uploads\/2024\/12\/Siepomaga-Wesprzyj-nas.jpg 547w, https:\/\/zyczautyzmem.pl\/wp-content\/uploads\/2024\/12\/Siepomaga-Wesprzyj-nas-300x63.jpg 300w, https:\/\/zyczautyzmem.pl\/wp-content\/uploads\/2024\/12\/Siepomaga-Wesprzyj-nas-508x107.jpg 508w\" sizes=\"(max-width: 547px) 100vw, 547px\" \/><\/a><\/figure><\/div>","protected":false},"excerpt":{"rendered":"<p>Fundacja &#8222;\u017by\u0107 z autyzmem&#8221;zosta\u0142a powo\u0142ana przez rodzic\u00f3w doros\u0142ych os\u00f3b z zaburzeniami ze spektrum autyzmu, zatroskanych przysz\u0142o\u015bci\u0105 swoich niesamodzielnych dzieci i \u015bwiadomych, \u017ce\u00a0 ju\u017c wkr\u00f3tce nie b\u0119d\u0105 w stanie&#8230;<\/p>\n","protected":false},"author":1,"featured_media":183,"parent":0,"menu_order":0,"comment_status":"closed","ping_status":"closed","template":"","meta":{"footnotes":""},"_links":{"self":[{"href":"https:\/\/zyczautyzmem.pl\/index.php\/wp-json\/wp\/v2\/pages\/17"}],"collection":[{"href":"https:\/\/zyczautyzmem.pl\/index.php\/wp-json\/wp\/v2\/pages"}],"about":[{"href":"https:\/\/zyczautyzmem.pl\/index.php\/wp-json\/wp\/v2\/types\/page"}],"author":[{"embeddable":true,"href":"https:\/\/zyczautyzmem.pl\/index.php\/wp-json\/wp\/v2\/users\/1"}],"replies":[{"embeddable":true,"href":"https:\/\/zyczautyzmem.pl\/index.php\/wp-json\/wp\/v2\/comments?post=17"}],"version-history":[{"count":26,"href":"https:\/\/zyczautyzmem.pl\/index.php\/wp-json\/wp\/v2\/pages\/17\/revisions"}],"predecessor-version":[{"id":844,"href":"https:\/\/zyczautyzmem.pl\/index.php\/wp-json\/wp\/v2\/pages\/17\/revisions\/844"}],"wp:featuredmedia":[{"embeddable":true,"href":"https:\/\/zyczautyzmem.pl\/index.php\/wp-json\/wp\/v2\/media\/183"}],"wp:attachment":[{"href":"https:\/\/zyczautyzmem.pl\/index.php\/wp-json\/wp\/v2\/media?parent=17"}],"curies":[{"name":"wp","href":"https:\/\/api.w.org\/{rel}","templated":true}]}}