{"id":230,"date":"2023-10-13T13:20:45","date_gmt":"2023-10-13T11:20:45","guid":{"rendered":"http:\/\/zyczautyzmem.pl\/?page_id=230"},"modified":"2025-01-01T22:58:52","modified_gmt":"2025-01-01T21:58:52","slug":"galeria","status":"publish","type":"page","link":"https:\/\/zyczautyzmem.pl\/index.php\/galeria\/","title":{"rendered":"Galeria"},"content":{"rendered":"\n<div class=\"wp-block-group is-layout-constrained wp-block-group-is-layout-constrained\"><div class=\"wp-block-group__inner-container\">\n<div class=\"wp-block-media-text is-stacked-on-mobile has-large-font-size\" style=\"grid-template-columns:32% auto\"><figure class=\"wp-block-media-text__media\"><a href=\"http:\/\/zyczautyzmem.pl\/index.php\/galeria\/wizualizacja-osrodka\/\"><img decoding=\"async\" loading=\"lazy\" width=\"751\" height=\"1024\" src=\"http:\/\/zyczautyzmem.pl\/wp-content\/uploads\/2023\/09\/cropped-1-751x1024.png\" alt=\"\" class=\"wp-image-184 size-full\"\/><\/a><\/figure><div class=\"wp-block-media-text__content\">\n<p>Wizualizacja o\u015brodka<\/p>\n<\/div><\/div>\n\n\n\n<div class=\"wp-block-media-text is-stacked-on-mobile has-large-font-size\" style=\"grid-template-columns:32% auto\"><figure class=\"wp-block-media-text__media\"><a href=\"http:\/\/zyczautyzmem.pl\/index.php\/galeria\/kraina-rumianku\/\"><img decoding=\"async\" loading=\"lazy\" width=\"768\" height=\"1024\" src=\"http:\/\/zyczautyzmem.pl\/wp-content\/uploads\/2023\/10\/Zdjecie-WhatsApp-2023-10-17-o-17.38.22_251064a6-768x1024.jpg\" alt=\"\" class=\"wp-image-473 size-full\" srcset=\"https:\/\/zyczautyzmem.pl\/wp-content\/uploads\/2023\/10\/Zdjecie-WhatsApp-2023-10-17-o-17.38.22_251064a6-768x1024.jpg 768w, https:\/\/zyczautyzmem.pl\/wp-content\/uploads\/2023\/10\/Zdjecie-WhatsApp-2023-10-17-o-17.38.22_251064a6-225x300.jpg 225w, https:\/\/zyczautyzmem.pl\/wp-content\/uploads\/2023\/10\/Zdjecie-WhatsApp-2023-10-17-o-17.38.22_251064a6-1152x1536.jpg 1152w, https:\/\/zyczautyzmem.pl\/wp-content\/uploads\/2023\/10\/Zdjecie-WhatsApp-2023-10-17-o-17.38.22_251064a6-973x1297.jpg 973w, https:\/\/zyczautyzmem.pl\/wp-content\/uploads\/2023\/10\/Zdjecie-WhatsApp-2023-10-17-o-17.38.22_251064a6-508x677.jpg 508w, https:\/\/zyczautyzmem.pl\/wp-content\/uploads\/2023\/10\/Zdjecie-WhatsApp-2023-10-17-o-17.38.22_251064a6.jpg 1296w\" sizes=\"(max-width: 768px) 100vw, 768px\" \/><\/a><\/figure><div class=\"wp-block-media-text__content\">\n<p>Kraina Rumianku Ho\u0142owno<\/p>\n<\/div><\/div>\n\n\n\n<div class=\"wp-block-media-text is-stacked-on-mobile has-large-font-size\" style=\"grid-template-columns:32% auto\"><figure class=\"wp-block-media-text__media\"><a href=\"http:\/\/zyczautyzmem.pl\/index.php\/galeria\/agroturystyka-u-grazki-nasutow\/\"><img decoding=\"async\" loading=\"lazy\" width=\"768\" height=\"1024\" src=\"http:\/\/zyczautyzmem.pl\/wp-content\/uploads\/2023\/12\/Agroturystyka-u-Grazki-01-768x1024.jpg\" alt=\"\" class=\"wp-image-612 size-full\" srcset=\"https:\/\/zyczautyzmem.pl\/wp-content\/uploads\/2023\/12\/Agroturystyka-u-Grazki-01-768x1024.jpg 768w, https:\/\/zyczautyzmem.pl\/wp-content\/uploads\/2023\/12\/Agroturystyka-u-Grazki-01-225x300.jpg 225w, https:\/\/zyczautyzmem.pl\/wp-content\/uploads\/2023\/12\/Agroturystyka-u-Grazki-01-508x677.jpg 508w, https:\/\/zyczautyzmem.pl\/wp-content\/uploads\/2023\/12\/Agroturystyka-u-Grazki-01.jpg 867w\" sizes=\"(max-width: 768px) 100vw, 768px\" \/><\/a><\/figure><div class=\"wp-block-media-text__content\">\n<p>Agroturystyka &#8222;U Gra\u017cki&#8221; Nasut\u00f3w<\/p>\n<\/div><\/div>\n\n\n\n<div class=\"wp-block-media-text is-stacked-on-mobile has-large-font-size\" style=\"grid-template-columns:32% auto\"><figure class=\"wp-block-media-text__media\"><a href=\"http:\/\/zyczautyzmem.pl\/index.php\/galeria\/muzeum-wsi-lubelskiej\/\"><img decoding=\"async\" loading=\"lazy\" width=\"1024\" height=\"768\" src=\"http:\/\/zyczautyzmem.pl\/wp-content\/uploads\/2023\/12\/399899033_395322262817942_7151733979690814837_n-1024x768.jpg\" alt=\"\" class=\"wp-image-699 size-full\" srcset=\"https:\/\/zyczautyzmem.pl\/wp-content\/uploads\/2023\/12\/399899033_395322262817942_7151733979690814837_n-1024x768.jpg 1024w, https:\/\/zyczautyzmem.pl\/wp-content\/uploads\/2023\/12\/399899033_395322262817942_7151733979690814837_n-300x225.jpg 300w, https:\/\/zyczautyzmem.pl\/wp-content\/uploads\/2023\/12\/399899033_395322262817942_7151733979690814837_n-768x576.jpg 768w, https:\/\/zyczautyzmem.pl\/wp-content\/uploads\/2023\/12\/399899033_395322262817942_7151733979690814837_n-1536x1152.jpg 1536w, https:\/\/zyczautyzmem.pl\/wp-content\/uploads\/2023\/12\/399899033_395322262817942_7151733979690814837_n-973x730.jpg 973w, https:\/\/zyczautyzmem.pl\/wp-content\/uploads\/2023\/12\/399899033_395322262817942_7151733979690814837_n-508x381.jpg 508w, https:\/\/zyczautyzmem.pl\/wp-content\/uploads\/2023\/12\/399899033_395322262817942_7151733979690814837_n.jpg 2048w\" sizes=\"(max-width: 1024px) 100vw, 1024px\" \/><\/a><\/figure><div class=\"wp-block-media-text__content\">\n<p>Muzeum Wsi Lubelskiej<\/p>\n<\/div><\/div>\n\n\n\n<div class=\"wp-block-media-text is-stacked-on-mobile has-large-font-size\" style=\"grid-template-columns:32% auto\"><figure class=\"wp-block-media-text__media\"><a href=\"http:\/\/zyczautyzmem.pl\/index.php\/galeria\/regionalne-muzeum-cebularza-lublin\/\"><img decoding=\"async\" loading=\"lazy\" width=\"768\" height=\"1024\" src=\"http:\/\/zyczautyzmem.pl\/wp-content\/uploads\/2023\/12\/Muzeum-cebularza01-768x1024.jpg\" alt=\"\" class=\"wp-image-627 size-full\" srcset=\"https:\/\/zyczautyzmem.pl\/wp-content\/uploads\/2023\/12\/Muzeum-cebularza01-768x1024.jpg 768w, https:\/\/zyczautyzmem.pl\/wp-content\/uploads\/2023\/12\/Muzeum-cebularza01-225x300.jpg 225w, https:\/\/zyczautyzmem.pl\/wp-content\/uploads\/2023\/12\/Muzeum-cebularza01-1152x1536.jpg 1152w, https:\/\/zyczautyzmem.pl\/wp-content\/uploads\/2023\/12\/Muzeum-cebularza01-973x1297.jpg 973w, https:\/\/zyczautyzmem.pl\/wp-content\/uploads\/2023\/12\/Muzeum-cebularza01-508x677.jpg 508w, https:\/\/zyczautyzmem.pl\/wp-content\/uploads\/2023\/12\/Muzeum-cebularza01.jpg 1536w\" sizes=\"(max-width: 768px) 100vw, 768px\" \/><\/a><\/figure><div class=\"wp-block-media-text__content\">\n<p>Regionalne Muzeum Cebularza Lublin<\/p>\n<\/div><\/div>\n<\/div><\/div>\n\n\n\n<div class=\"wp-block-media-text is-stacked-on-mobile has-large-font-size\" style=\"grid-template-columns:32% auto\"><figure class=\"wp-block-media-text__media\"><a href=\"http:\/\/zyczautyzmem.pl\/index.php\/galeria\/roztocze-29-06-2024\/\"><img decoding=\"async\" loading=\"lazy\" width=\"724\" height=\"1024\" src=\"http:\/\/zyczautyzmem.pl\/wp-content\/uploads\/2025\/01\/5-1-724x1024.png\" alt=\"\" class=\"wp-image-836 size-full\" srcset=\"https:\/\/zyczautyzmem.pl\/wp-content\/uploads\/2025\/01\/5-1-724x1024.png 724w, https:\/\/zyczautyzmem.pl\/wp-content\/uploads\/2025\/01\/5-1-212x300.png 212w, https:\/\/zyczautyzmem.pl\/wp-content\/uploads\/2025\/01\/5-1-768x1086.png 768w, https:\/\/zyczautyzmem.pl\/wp-content\/uploads\/2025\/01\/5-1-1086x1536.png 1086w, https:\/\/zyczautyzmem.pl\/wp-content\/uploads\/2025\/01\/5-1-973x1376.png 973w, https:\/\/zyczautyzmem.pl\/wp-content\/uploads\/2025\/01\/5-1-508x719.png 508w, https:\/\/zyczautyzmem.pl\/wp-content\/uploads\/2025\/01\/5-1.png 1414w\" sizes=\"(max-width: 724px) 100vw, 724px\" \/><\/a><\/figure><div class=\"wp-block-media-text__content\">\n<p>Roztocze 29.06.2024<\/p>\n<\/div><\/div>\n","protected":false},"excerpt":{"rendered":"<p>Wizualizacja o\u015brodka Kraina Rumianku Ho\u0142owno Agroturystyka &#8222;U Gra\u017cki&#8221; Nasut\u00f3w Muzeum Wsi Lubelskiej Regionalne Muzeum Cebularza Lublin Roztocze 29.06.2024<\/p>\n","protected":false},"author":2,"featured_media":0,"parent":0,"menu_order":0,"comment_status":"closed","ping_status":"closed","template":"","meta":{"footnotes":""},"_links":{"self":[{"href":"https:\/\/zyczautyzmem.pl\/index.php\/wp-json\/wp\/v2\/pages\/230"}],"collection":[{"href":"https:\/\/zyczautyzmem.pl\/index.php\/wp-json\/wp\/v2\/pages"}],"about":[{"href":"https:\/\/zyczautyzmem.pl\/index.php\/wp-json\/wp\/v2\/types\/page"}],"author":[{"embeddable":true,"href":"https:\/\/zyczautyzmem.pl\/index.php\/wp-json\/wp\/v2\/users\/2"}],"replies":[{"embeddable":true,"href":"https:\/\/zyczautyzmem.pl\/index.php\/wp-json\/wp\/v2\/comments?post=230"}],"version-history":[{"count":43,"href":"https:\/\/zyczautyzmem.pl\/index.php\/wp-json\/wp\/v2\/pages\/230\/revisions"}],"predecessor-version":[{"id":843,"href":"https:\/\/zyczautyzmem.pl\/index.php\/wp-json\/wp\/v2\/pages\/230\/revisions\/843"}],"wp:attachment":[{"href":"https:\/\/zyczautyzmem.pl\/index.php\/wp-json\/wp\/v2\/media?parent=230"}],"curies":[{"name":"wp","href":"https:\/\/api.w.org\/{rel}","templated":true}]}}