{"id":595,"date":"2023-12-03T15:27:43","date_gmt":"2023-12-03T14:27:43","guid":{"rendered":"http:\/\/zyczautyzmem.pl\/?page_id=595"},"modified":"2024-12-03T23:54:38","modified_gmt":"2024-12-03T22:54:38","slug":"projekty","status":"publish","type":"page","link":"https:\/\/zyczautyzmem.pl\/index.php\/projekty\/","title":{"rendered":"Projekty"},"content":{"rendered":"\n<p class=\"has-normal-font-size\">W ramach zadania publicznego &#8222;Dzia\u0142alno\u015b\u0107 na rzecz os\u00f3b niepe\u0142nosprawnych&#8221; dofinansowanego przez ROPS w Lublinie fundacja zrealizowa\u0142a poni\u017csze wydarzenia.<\/p>\n\n\n\n<div class=\"wp-block-group is-layout-constrained wp-block-group-is-layout-constrained\"><div class=\"wp-block-group__inner-container\">\n<h2 class=\"wp-block-heading has-large-font-size\">2023.09.03 Kraina Rumianku Ho\u0142owno <\/h2>\n\n\n\n<div class=\"wp-block-media-text is-stacked-on-mobile\" style=\"grid-template-columns:45% auto\"><figure class=\"wp-block-media-text__media\"><a href=\"http:\/\/zyczautyzmem.pl\/index.php\/galeria\/kraina-rumianku\/\"><img decoding=\"async\" loading=\"lazy\" width=\"1024\" height=\"768\" src=\"http:\/\/zyczautyzmem.pl\/wp-content\/uploads\/2023\/10\/Zdjecie-WhatsApp-2023-10-17-o-17.39.27_d37c418e-1024x768.jpg\" alt=\"\" class=\"wp-image-477 size-full\" srcset=\"https:\/\/zyczautyzmem.pl\/wp-content\/uploads\/2023\/10\/Zdjecie-WhatsApp-2023-10-17-o-17.39.27_d37c418e-1024x768.jpg 1024w, https:\/\/zyczautyzmem.pl\/wp-content\/uploads\/2023\/10\/Zdjecie-WhatsApp-2023-10-17-o-17.39.27_d37c418e-300x225.jpg 300w, https:\/\/zyczautyzmem.pl\/wp-content\/uploads\/2023\/10\/Zdjecie-WhatsApp-2023-10-17-o-17.39.27_d37c418e-768x576.jpg 768w, https:\/\/zyczautyzmem.pl\/wp-content\/uploads\/2023\/10\/Zdjecie-WhatsApp-2023-10-17-o-17.39.27_d37c418e-1536x1152.jpg 1536w, https:\/\/zyczautyzmem.pl\/wp-content\/uploads\/2023\/10\/Zdjecie-WhatsApp-2023-10-17-o-17.39.27_d37c418e-973x730.jpg 973w, https:\/\/zyczautyzmem.pl\/wp-content\/uploads\/2023\/10\/Zdjecie-WhatsApp-2023-10-17-o-17.39.27_d37c418e-508x381.jpg 508w, https:\/\/zyczautyzmem.pl\/wp-content\/uploads\/2023\/10\/Zdjecie-WhatsApp-2023-10-17-o-17.39.27_d37c418e.jpg 1728w\" sizes=\"(max-width: 1024px) 100vw, 1024px\" \/><\/a><\/figure><div class=\"wp-block-media-text__content\">\n<p class=\"has-small-font-size\">W go\u015bcinnej Krainie Rumianku sp\u0119dzili\u015bmy pi\u0119kny czas, poznali\u015bmy dawne \u017cycie mieszka\u0144c\u00f3w wsi, sprz\u0119ty domowe i urz\u0105dzenia u\u017cytkowane w domach, gospodarstwach i podczas prac polowych. Mieli\u015bmy przyjemno\u015b\u0107 skosztowania wspania\u0142ych pierog\u00f3w, kie\u0142basek z ogniska. Na zako\u0144czenie pobytu wyst\u0105pi\u0142 dla nas tutejszy zesp\u00f3\u0142 ludowy, gor\u0105co oklaskiwany przez uczestnik\u00f3w.<\/p>\n\n\n\n<p class=\"has-small-font-size\">Kraina Rumianku skrad\u0142a nasze serca.<\/p>\n<\/div><\/div>\n\n\n\n<h2 class=\"wp-block-heading has-large-font-size\">2023.10.22 Agroturystyka &#8222;U Gra\u017cki&#8221; Nasut\u00f3w<\/h2>\n\n\n\n<div class=\"wp-block-media-text is-stacked-on-mobile\" style=\"grid-template-columns:45% auto\"><figure class=\"wp-block-media-text__media\"><a href=\"http:\/\/zyczautyzmem.pl\/index.php\/galeria\/agroturystyka-u-grazki-nasutow\/\"><img decoding=\"async\" loading=\"lazy\" width=\"768\" height=\"1024\" src=\"http:\/\/zyczautyzmem.pl\/wp-content\/uploads\/2023\/12\/Agroturystyka-u-Grazki-01-768x1024.jpg\" alt=\"\" class=\"wp-image-612 size-full\" srcset=\"https:\/\/zyczautyzmem.pl\/wp-content\/uploads\/2023\/12\/Agroturystyka-u-Grazki-01-768x1024.jpg 768w, https:\/\/zyczautyzmem.pl\/wp-content\/uploads\/2023\/12\/Agroturystyka-u-Grazki-01-225x300.jpg 225w, https:\/\/zyczautyzmem.pl\/wp-content\/uploads\/2023\/12\/Agroturystyka-u-Grazki-01-508x677.jpg 508w, https:\/\/zyczautyzmem.pl\/wp-content\/uploads\/2023\/12\/Agroturystyka-u-Grazki-01.jpg 867w\" sizes=\"(max-width: 768px) 100vw, 768px\" \/><\/a><\/figure><div class=\"wp-block-media-text__content\">\n<p class=\"has-small-font-size\">Prognozy nie by\u0142y optymistyczne, a jednak pogoda dopisa\u0142a i sp\u0119dzili\u015bmy pi\u0119kny czas w Agroturystyce &#8222;U Gra\u017cki&#8221; w Nasutowie.<\/p>\n\n\n\n<p class=\"has-small-font-size\">Spotkanie uatrakcyjni\u0142y przeja\u017cd\u017cki bryczk\u0105, poznawanie tajnik\u00f3w gry na r\u00f3\u017cnych b\u0119bnach, wypiekanie w tradycyjnym piecu chlebowym w\u0142asnor\u0119cznie przygotowanych pizz oraz ognisko z pieczeniem kie\u0142basek.<\/p>\n<\/div><\/div>\n\n\n\n<h2 class=\"wp-block-heading has-large-font-size\">2023.11.10 Muzeum Wsi Lubelskiej<\/h2>\n\n\n\n<div class=\"wp-block-media-text is-stacked-on-mobile\" style=\"grid-template-columns:45% auto\"><figure class=\"wp-block-media-text__media\"><a href=\"http:\/\/zyczautyzmem.pl\/index.php\/galeria\/muzeum-wsi-lubelskiej\/\"><img decoding=\"async\" loading=\"lazy\" width=\"1024\" height=\"768\" src=\"http:\/\/zyczautyzmem.pl\/wp-content\/uploads\/2023\/12\/Muzeum-Wsi-Lubelskiej-01-1024x768.jpg\" alt=\"\" class=\"wp-image-613 size-full\" srcset=\"https:\/\/zyczautyzmem.pl\/wp-content\/uploads\/2023\/12\/Muzeum-Wsi-Lubelskiej-01-1024x768.jpg 1024w, https:\/\/zyczautyzmem.pl\/wp-content\/uploads\/2023\/12\/Muzeum-Wsi-Lubelskiej-01-300x225.jpg 300w, https:\/\/zyczautyzmem.pl\/wp-content\/uploads\/2023\/12\/Muzeum-Wsi-Lubelskiej-01-768x576.jpg 768w, https:\/\/zyczautyzmem.pl\/wp-content\/uploads\/2023\/12\/Muzeum-Wsi-Lubelskiej-01-1536x1152.jpg 1536w, https:\/\/zyczautyzmem.pl\/wp-content\/uploads\/2023\/12\/Muzeum-Wsi-Lubelskiej-01-973x730.jpg 973w, https:\/\/zyczautyzmem.pl\/wp-content\/uploads\/2023\/12\/Muzeum-Wsi-Lubelskiej-01-508x381.jpg 508w, https:\/\/zyczautyzmem.pl\/wp-content\/uploads\/2023\/12\/Muzeum-Wsi-Lubelskiej-01.jpg 2048w\" sizes=\"(max-width: 1024px) 100vw, 1024px\" \/><\/a><\/figure><div class=\"wp-block-media-text__content\">\n<p class=\"has-small-font-size\"><span class=\"x193iq5w xeuugli x13faqbe x1vvkbs x1xmvt09 x1lliihq x1s928wv xhkezso x1gmr53x x1cpjm7i x1fgarty x1943h6x xudqn12 x3x7a5m x6prxxf xvq8zen xo1l8bm xzsf02u x1yc453h\" dir=\"auto\">Dnia  10 listopada go\u015bcili\u015bmy w Muzeum Wsi Lubelskiej na warsztatach  r\u0119kodzie\u0142a ludowego. Warsztaty by\u0142y atrakcyjn\u0105 form\u0105 sp\u0119dzenia czasu  wolnego.<\/span><\/p>\n<\/div><\/div>\n\n\n\n<h2 class=\"wp-block-heading has-large-font-size\">2023.11.26 Regionalne Muzeum Cebularza Lublin<\/h2>\n\n\n\n<div class=\"wp-block-media-text is-stacked-on-mobile\" style=\"grid-template-columns:45% auto\"><figure class=\"wp-block-media-text__media\"><a href=\"http:\/\/zyczautyzmem.pl\/index.php\/galeria\/regionalne-muzeum-cebularza-lublin\/\"><img decoding=\"async\" loading=\"lazy\" width=\"768\" height=\"1024\" src=\"http:\/\/zyczautyzmem.pl\/wp-content\/uploads\/2023\/12\/Muzeum-cebularza01-768x1024.jpg\" alt=\"\" class=\"wp-image-627 size-full\" srcset=\"https:\/\/zyczautyzmem.pl\/wp-content\/uploads\/2023\/12\/Muzeum-cebularza01-768x1024.jpg 768w, https:\/\/zyczautyzmem.pl\/wp-content\/uploads\/2023\/12\/Muzeum-cebularza01-225x300.jpg 225w, https:\/\/zyczautyzmem.pl\/wp-content\/uploads\/2023\/12\/Muzeum-cebularza01-1152x1536.jpg 1152w, https:\/\/zyczautyzmem.pl\/wp-content\/uploads\/2023\/12\/Muzeum-cebularza01-973x1297.jpg 973w, https:\/\/zyczautyzmem.pl\/wp-content\/uploads\/2023\/12\/Muzeum-cebularza01-508x677.jpg 508w, https:\/\/zyczautyzmem.pl\/wp-content\/uploads\/2023\/12\/Muzeum-cebularza01.jpg 1536w\" sizes=\"(max-width: 768px) 100vw, 768px\" \/><\/a><\/figure><div class=\"wp-block-media-text__content\">\n<p class=\"has-small-font-size\">W dniu dzisiejszym go\u015bcili\u015bmy w Regionalnym Muzeum Cebularza w Lublinie. Uczestnicy spotkania mieli okazj\u0119 pozna\u0107 histori\u0119 naszego regionalnego przysmaku oraz wzi\u0105\u0107 czynny udzia\u0142 w jego przygotowaniu od surowca do ko\u0144cowego wypieku. By\u0142o pysznie!<\/p>\n\n\n\n<p class=\"has-small-font-size\">Zadanie dofinansowane przez ROPS Lublin<\/p>\n<\/div><\/div>\n\n\n\n<p class=\"has-text-align-left\"><strong>2024.06.29 Roztocze<\/strong><\/p>\n<\/div><\/div>\n\n\n\n<div class=\"wp-block-media-text is-stacked-on-mobile\"><figure class=\"wp-block-media-text__media\"><img decoding=\"async\" loading=\"lazy\" width=\"1024\" height=\"724\" src=\"http:\/\/zyczautyzmem.pl\/wp-content\/uploads\/2024\/12\/Roztocze-1024x724.jpg\" alt=\"\" class=\"wp-image-803 size-full\" srcset=\"https:\/\/zyczautyzmem.pl\/wp-content\/uploads\/2024\/12\/Roztocze-1024x724.jpg 1024w, https:\/\/zyczautyzmem.pl\/wp-content\/uploads\/2024\/12\/Roztocze-300x212.jpg 300w, https:\/\/zyczautyzmem.pl\/wp-content\/uploads\/2024\/12\/Roztocze-768x543.jpg 768w, https:\/\/zyczautyzmem.pl\/wp-content\/uploads\/2024\/12\/Roztocze-1536x1086.jpg 1536w, https:\/\/zyczautyzmem.pl\/wp-content\/uploads\/2024\/12\/Roztocze-973x688.jpg 973w, https:\/\/zyczautyzmem.pl\/wp-content\/uploads\/2024\/12\/Roztocze-508x359.jpg 508w, https:\/\/zyczautyzmem.pl\/wp-content\/uploads\/2024\/12\/Roztocze.jpg 1600w\" sizes=\"(max-width: 1024px) 100vw, 1024px\" \/><\/figure><div class=\"wp-block-media-text__content\">\n<p class=\"has-small-font-size\">Dnia 29.06.2024 r. w ramach zadania publicznego ,,Turystyka i krajoznawstwo &#8211; Wspieranie korzystania z walor\u00f3w turystycznych na terenie wojew\u00f3dztwa lubelskiego przez osoby z niepe\u0142nosprawno\u015bci\u0105&#8221; finansowanego przez Wojew\u00f3dztwo Lubelskie odby\u0142a si\u0119 zorganizowana przez <a href=\"https:\/\/www.facebook.com\/hashtag\/fundacj%C4%99%C5%BCy%C4%87zautyzmem?__eep__=6&amp;__cft__[0]=AZXKauEUNhwFEqlQxxqJdhWtzOG4cp39wJm4LUti43FfmmyWDHUSF53T7hJITTJXRSxGAd7Cp7Vypi0I9EK8htOreeJhpCBwcv8iR9RJLOe1dovMocLpNqgYDNSAE5GGkRD0vbF2_y19gGmzoLM1u3TUtXzSP22QwEKqQwE3Sm_p7g&amp;__tn__=*NK-R\">#Fundacj\u0119\u017by\u0107zautyzmem<\/a> wycieczka na Roztocze. Wzi\u0119\u0142o w niej udzia\u0142 31 os\u00f3b, w tym 15 os\u00f3b z niepe\u0142nosprawno\u015bci\u0105. W czasie wycieczki grupa odwiedzi\u0142a: Zamo\u015b\u0107, J\u00f3zef\u00f3w, Zwierzyniec, Hamerni\u0119. Wsp\u00f3lny wyjazd dostarczy\u0142 uczestnikom okazji do rekreacji, da\u0142 mo\u017cliwo\u015b\u0107 nabycia nowych umiej\u0119tno\u015bci spo\u0142ecznych, zach\u0119ci\u0142 do poznania historii i walor\u00f3w przyrodniczych naszego regionu.<\/p>\n<\/div><\/div>\n\n\n\n<p>Wysowa Zdr\u00f3j<\/p>\n\n\n\n<div class=\"wp-block-media-text is-stacked-on-mobile\"><figure class=\"wp-block-media-text__media\"><img decoding=\"async\" loading=\"lazy\" width=\"1024\" height=\"768\" src=\"http:\/\/zyczautyzmem.pl\/wp-content\/uploads\/2024\/12\/Wysowa-Zdroj-1024x768.jpg\" alt=\"\" class=\"wp-image-808 size-full\" srcset=\"https:\/\/zyczautyzmem.pl\/wp-content\/uploads\/2024\/12\/Wysowa-Zdroj-1024x768.jpg 1024w, https:\/\/zyczautyzmem.pl\/wp-content\/uploads\/2024\/12\/Wysowa-Zdroj-300x225.jpg 300w, https:\/\/zyczautyzmem.pl\/wp-content\/uploads\/2024\/12\/Wysowa-Zdroj-768x576.jpg 768w, https:\/\/zyczautyzmem.pl\/wp-content\/uploads\/2024\/12\/Wysowa-Zdroj-1536x1152.jpg 1536w, https:\/\/zyczautyzmem.pl\/wp-content\/uploads\/2024\/12\/Wysowa-Zdroj-973x730.jpg 973w, https:\/\/zyczautyzmem.pl\/wp-content\/uploads\/2024\/12\/Wysowa-Zdroj-508x381.jpg 508w, https:\/\/zyczautyzmem.pl\/wp-content\/uploads\/2024\/12\/Wysowa-Zdroj.jpg 2048w\" sizes=\"(max-width: 1024px) 100vw, 1024px\" \/><\/figure><div class=\"wp-block-media-text__content\">\n<p>Wysowa Zdr\u00f3j &#8211; przepi\u0119kne, przyjazne, idealne do relaksu i wypoczynku miejsce.<\/p>\n\n\n\n<p><\/p>\n<\/div><\/div>\n","protected":false},"excerpt":{"rendered":"<p>W ramach zadania publicznego &#8222;Dzia\u0142alno\u015b\u0107 na rzecz os\u00f3b niepe\u0142nosprawnych&#8221; dofinansowanego przez ROPS w Lublinie fundacja zrealizowa\u0142a poni\u017csze wydarzenia. 2023.09.03 Kraina Rumianku Ho\u0142owno W go\u015bcinnej Krainie Rumianku sp\u0119dzili\u015bmy pi\u0119kny&#8230;<\/p>\n","protected":false},"author":1,"featured_media":0,"parent":0,"menu_order":0,"comment_status":"closed","ping_status":"closed","template":"","meta":{"footnotes":"[]"},"_links":{"self":[{"href":"https:\/\/zyczautyzmem.pl\/index.php\/wp-json\/wp\/v2\/pages\/595"}],"collection":[{"href":"https:\/\/zyczautyzmem.pl\/index.php\/wp-json\/wp\/v2\/pages"}],"about":[{"href":"https:\/\/zyczautyzmem.pl\/index.php\/wp-json\/wp\/v2\/types\/page"}],"author":[{"embeddable":true,"href":"https:\/\/zyczautyzmem.pl\/index.php\/wp-json\/wp\/v2\/users\/1"}],"replies":[{"embeddable":true,"href":"https:\/\/zyczautyzmem.pl\/index.php\/wp-json\/wp\/v2\/comments?post=595"}],"version-history":[{"count":23,"href":"https:\/\/zyczautyzmem.pl\/index.php\/wp-json\/wp\/v2\/pages\/595\/revisions"}],"predecessor-version":[{"id":810,"href":"https:\/\/zyczautyzmem.pl\/index.php\/wp-json\/wp\/v2\/pages\/595\/revisions\/810"}],"wp:attachment":[{"href":"https:\/\/zyczautyzmem.pl\/index.php\/wp-json\/wp\/v2\/media?parent=595"}],"curies":[{"name":"wp","href":"https:\/\/api.w.org\/{rel}","templated":true}]}}